{"id":42878,"date":"2026-02-23T12:32:24","date_gmt":"2026-02-23T12:32:24","guid":{"rendered":"https:\/\/truckbrasil.net\/wp\/?page_id=42878"},"modified":"2026-05-14T00:36:43","modified_gmt":"2026-05-14T00:36:43","slug":"acesso-rapido-marketplace","status":"publish","type":"page","link":"https:\/\/truckbrasil.net\/wp\/","title":{"rendered":"Seja Bem-Vindo!"},"content":{"rendered":"<p><a href=\"https:\/\/www.awin1.com\/cread.php?s=4712347&amp;v=119233&amp;q=596189&amp;r=690303\"><img loading=\"lazy\" decoding=\"async\" src=\"data:image\/gif;base64,R0lGODlhAQABAIAAAAAAAP\/\/\/ywAAAAAAQABAAACAUwAOw==\" fifu-lazy=\"1\" fifu-data-sizes=\"auto\" fifu-data-srcset=\"https:\/\/i1.wp.com\/a1.awin1.com\/ads\/awin\/119233\/imgawin_728x90_p1g101-1773077923855.png?ssl=1&w=75&resize=75&ssl=1 75w, https:\/\/i1.wp.com\/a1.awin1.com\/ads\/awin\/119233\/imgawin_728x90_p1g101-1773077923855.png?ssl=1&w=100&resize=100&ssl=1 100w, https:\/\/i1.wp.com\/a1.awin1.com\/ads\/awin\/119233\/imgawin_728x90_p1g101-1773077923855.png?ssl=1&w=150&resize=150&ssl=1 150w, https:\/\/i1.wp.com\/a1.awin1.com\/ads\/awin\/119233\/imgawin_728x90_p1g101-1773077923855.png?ssl=1&w=240&resize=240&ssl=1 240w, https:\/\/i1.wp.com\/a1.awin1.com\/ads\/awin\/119233\/imgawin_728x90_p1g101-1773077923855.png?ssl=1&w=320&resize=320&ssl=1 320w, https:\/\/i1.wp.com\/a1.awin1.com\/ads\/awin\/119233\/imgawin_728x90_p1g101-1773077923855.png?ssl=1&w=500&resize=500&ssl=1 500w, https:\/\/i1.wp.com\/a1.awin1.com\/ads\/awin\/119233\/imgawin_728x90_p1g101-1773077923855.png?ssl=1&w=640&resize=640&ssl=1 640w, https:\/\/i1.wp.com\/a1.awin1.com\/ads\/awin\/119233\/imgawin_728x90_p1g101-1773077923855.png?ssl=1&w=800&resize=800&ssl=1 800w, https:\/\/i1.wp.com\/a1.awin1.com\/ads\/awin\/119233\/imgawin_728x90_p1g101-1773077923855.png?ssl=1&w=1024&resize=1024&ssl=1 1024w, https:\/\/i1.wp.com\/a1.awin1.com\/ads\/awin\/119233\/imgawin_728x90_p1g101-1773077923855.png?ssl=1&w=1280&resize=1280&ssl=1 1280w, https:\/\/i1.wp.com\/a1.awin1.com\/ads\/awin\/119233\/imgawin_728x90_p1g101-1773077923855.png?ssl=1&w=1600&resize=1600&ssl=1 1600w\" class=\"aligncenter size-large\" fifu-data-src=\"https:\/\/i1.wp.com\/a1.awin1.com\/ads\/awin\/119233\/imgawin_728x90_p1g101-1773077923855.png?ssl=1\" width=\"728\" height=\"90\" \/><\/a><\/p>\n<hr \/>\n<p>&nbsp;<\/p>\n<h2>Mais Produtos Em Destaque Hoje:<\/h2>\n<ul class=\"lcp_catlist\" id=\"lcp_instance_0\"><li><a href=\"https:\/\/truckbrasil.net\/wp\/truck\/2026\/01\/12\/polia-tensor-alternador-crossfox-fox-jetta-2004-a-2013-zen-12762\/\">Polia Tensor Alternador Crossfox Fox Jetta 2004 a 2013 ZEN 12762<\/a><\/li><li><a href=\"https:\/\/truckbrasil.net\/wp\/truck\/2026\/01\/04\/mangueira-reserv-gm-corsa-1-0-94-comum-7126-jam-7126_jam-jamaica\/\">Mangueira Reserv Gm Corsa 1.0 94\/ (comum) (7126 Jam) 7126_JAM Jamaica<\/a><\/li><li><a href=\"https:\/\/truckbrasil.net\/wp\/truck\/2026\/01\/06\/filtro-ar-ka-fiesta-ecosport-2016-a-2021-wega-fap9296\/\">Filtro Ar Ka Fiesta Ecosport 2016 a 2021 Wega FAP9296<\/a><\/li><li><a href=\"https:\/\/truckbrasil.net\/wp\/truck\/2026\/04\/01\/pneu-goodyear-aro-18-efficientgrip-suv-225-55r18-98v-40438859932\/\">Pneu Goodyear Aro 18 EfficientGrip SUV 225\/55R18 98V &#8211; 40438859932<\/a><\/li><li><a href=\"https:\/\/truckbrasil.net\/wp\/truck\/2025\/09\/08\/fechadura-joy-perfil-estreito-preto-fosco-espelho-22mm-alianca-083281-42224572670\/\">Fechadura Joy Perfil Estreito Preto Fosco Espelho 22mm ALIANCA-083281 &#8211; 42224572670<\/a><\/li><li><a href=\"https:\/\/truckbrasil.net\/wp\/truck\/2026\/01\/11\/conector-instalacao-som-kenwood-ete\/\">Conector Instalacao Som Kenwood Ete<\/a><\/li><li><a href=\"https:\/\/truckbrasil.net\/wp\/truck\/2025\/09\/06\/chave-t-tipo-torx-t27-crferramentas-cr29txtt27-42459749304\/\">Chave T Tipo Torx T27 CRFERRAMENTAS-CR29TXTT27 &#8211; 42459749304<\/a><\/li><li><a href=\"https:\/\/truckbrasil.net\/wp\/truck\/2026\/01\/23\/rele-aux-4-terminais-24v-40a-c-suporte-dni\/\">Rele Aux 4 Terminais 24v 40a C\/suporte DNI<\/a><\/li><li><a href=\"https:\/\/truckbrasil.net\/wp\/truck\/2026\/01\/08\/cabo-comando-acelerador-gol-g2-ap-1-6-1-8-94-a-98-tuba-5077-cabo-comando-acelerador-gol-g2-ap-1-6-1-8-94-a-98-tuba-5077\/\">Cabo Comando Acelerador Gol G2 AP 1.6 1.8 94 a 98 Tuba 5077 &#8211; Cabo Comando Acelerador Gol G2 AP 1.6 1.8 94 a 98 Tuba 5077<\/a><\/li><li><a href=\"https:\/\/truckbrasil.net\/wp\/truck\/2026\/01\/02\/lente-lanterna-traseira-passageiro-scania-113-142-91-a-2008-sinalsul-044sv\/\">Lente Lanterna Traseira Passageiro Scania 113 142 91 a 2008 Sinalsul 044SV<\/a><\/li><li><a href=\"https:\/\/truckbrasil.net\/wp\/truck\/2026\/01\/19\/ponteira-terminal-dir-ld-diant-mec-m30x15mm-386496\/\">Ponteira\/terminal Dir Ld Diant Mec M30x1,5mm 386496<\/a><\/li><li><a href=\"https:\/\/truckbrasil.net\/wp\/truck\/2026\/01\/05\/filtro-ar-audi-a3-2-0-2006-a-2013-wega-fap9025\/\">Filtro Ar Audi A3 2.0 2006 a 2013 WEGA FAP9025<\/a><\/li><li><a href=\"https:\/\/truckbrasil.net\/wp\/truck\/2026\/01\/29\/cubo-roda-boxer-2-3-2010-a-2017-traseiro-com-rolamento-abs-nakata\/\">Cubo Roda Boxer 2.3 2010 a 2017 Traseiro Com Rolamento ABS Nakata<\/a><\/li><li><a href=\"https:\/\/truckbrasil.net\/wp\/truck\/2025\/08\/29\/termometro-infravermelho-30c-a-350c-fluke-59max-42224525770\/\">Termometro Infravermelho -30C a 350C FLUKE-59MAX &#8211; 42224525770<\/a><\/li><li><a href=\"https:\/\/truckbrasil.net\/wp\/truck\/2026\/01\/23\/2-amortecedor-ford-ka-97-a-2007-traseiro-cofap-e-kit\/\">2 Amortecedor Ford Ka 97 a 2007 Traseiro Cofap e Kit<\/a><\/li><li><a href=\"https:\/\/truckbrasil.net\/wp\/truck\/2026\/01\/02\/conector-nylon-4-vias-macho-femea-kit-ete\/\">Conector Nylon 4 Vias Macho\/femea (kit) Ete<\/a><\/li><li><a href=\"https:\/\/truckbrasil.net\/wp\/truck\/2026\/01\/01\/sonda-lambda-toyota-corolla-2-0-2010-a-2014-pre-ntk-345mm\/\">Sonda Lambda Toyota Corolla 2.0 2010 a 2014 Pr\u00e9 NTK 345mm<\/a><\/li><li><a href=\"https:\/\/truckbrasil.net\/wp\/truck\/2025\/08\/20\/ventosa-niveladora-eletrica-para-piso-25ah-06906-titanium-06906-42224578261\/\">Ventosa Niveladora Eletrica Para Piso 25ah 06906 TITANIUM-06906 &#8211; 42224578261<\/a><\/li><li><a href=\"https:\/\/truckbrasil.net\/wp\/truck\/2025\/08\/26\/compressor-de-mola-de-embreagem-da-moto-dafra-citycom-300-crferramentas-16023-42224522867\/\">Compressor de Mola de Embreagem da Moto Dafra Citycom 300 CRFERRAMENTAS-16023 &#8211; 42224522867<\/a><\/li><li><a href=\"https:\/\/truckbrasil.net\/wp\/truck\/2026\/01\/03\/coifa-caixa-dir-gm-corsa-dhb-4710_spk-spare-kits\/\">Coifa Caixa Dir Gm Corsa Dhb 4710_SPK Spare Kits<\/a><\/li><li><a href=\"https:\/\/truckbrasil.net\/wp\/truck\/2025\/09\/10\/soquete-estriado-716pol-com-encaixe-12pol-gedore-d19-716-42224515421\/\">Soquete Estriado 716Pol com Encaixe 12Pol GEDORE-D19-716 &#8211; 42224515421<\/a><\/li><li><a href=\"https:\/\/truckbrasil.net\/wp\/truck\/2025\/08\/21\/conversor-de-tensao-3000w-240a-24v-para-12v-usina-311614-42224580179\/\">Conversor de Tensao 3000W 240A 24V para 12V USINA-311614 &#8211; 42224580179<\/a><\/li><li><a href=\"https:\/\/truckbrasil.net\/wp\/truck\/2026\/01\/22\/engate-reboque-cruze-sedan-2012-a-2016-400kg-engetran-inmetro\/\">Engate Reboque Cruze Sedan 2012 a 2016 400Kg Engetran Inmetro<\/a><\/li><li><a href=\"https:\/\/truckbrasil.net\/wp\/truck\/2026\/01\/08\/kit-pastilha-freio-chevrolet-suprema-93-a-97-dianteira-teves-1094-syl\/\">Kit Pastilha Freio Chevrolet Suprema 93 a 97 Dianteira Teves 1094 SYL<\/a><\/li><li><a href=\"https:\/\/truckbrasil.net\/wp\/truck\/2026\/01\/03\/4-pistao-motor-fiat-premio-1-3-85-a-92-metal-leve\/\">4 Pist\u00e3o Motor Fiat Pr\u00eamio 1.3 85 a 92 Metal Leve<\/a><\/li><li><a href=\"https:\/\/truckbrasil.net\/wp\/truck\/2025\/08\/21\/extensor-300mm-para-broca-do-perfurador-de-solo-toyama-12-00275-42224560231\/\">Extensor 300mm para Broca do Perfurador de Solo TOYAMA-12-00275 &#8211; 42224560231<\/a><\/li><li><a href=\"https:\/\/truckbrasil.net\/wp\/truck\/2025\/08\/16\/moldura-carro-corsa-hatch-modelos-2003-ate-2012-dts-174ptd-42224549673\/\">Moldura Carro Corsa Hatch Modelos 2003 ate 2012 DTS-174PTD &#8211; 42224549673<\/a><\/li><li><a href=\"https:\/\/truckbrasil.net\/wp\/truck\/2026\/01\/10\/braco-limp-vw-fusca-granero\/\">Braco Limp Vw Fusca Granero<\/a><\/li><li><a href=\"https:\/\/truckbrasil.net\/wp\/truck\/2026\/01\/10\/interruptor-luz-cortesia-peugeot-dial\/\">Interruptor Luz Cortesia Peugeot Dial<\/a><\/li><li><a href=\"https:\/\/truckbrasil.net\/wp\/truck\/2025\/09\/05\/arruela-lisa-de-14-pol-bemfixa-8154-42224523068\/\">Arruela Lisa de 14 Pol BEMFIXA-8154 &#8211; 42224523068<\/a><\/li><li><a href=\"https:\/\/truckbrasil.net\/wp\/truck\/2026\/01\/03\/agulha-distancia-e-tempo-7d-180km-vdo-tacografos\/\">Agulha Distancia e Tempo 7d 180km Vdo-tacografos<\/a><\/li><li><a href=\"https:\/\/truckbrasil.net\/wp\/truck\/2026\/01\/25\/4-bucha-bandeja-balanca-fiat-uno-89-a-96-traseiro-maior-axios\/\">4 Bucha Bandeja Balan\u00e7a Fiat Uno 89 a 96 Traseiro Maior Axios<\/a><\/li><li><a href=\"https:\/\/truckbrasil.net\/wp\/truck\/2026\/01\/10\/kit-2-pneu-tracmax-aro-19-265-30r19-93w-tl-xl-x-privilo-tx3\/\">Kit 2 Pneu Tracmax Aro 19 265\/30r19 93W TL XL X- Privilo TX3<\/a><\/li><li><a href=\"https:\/\/truckbrasil.net\/wp\/truck\/2025\/09\/01\/broca-widia-de-aco-rapido-sds-plus-6mm-x-160mm-disflex-29077-42224566805\/\">Broca Widia de Aco Rapido SDS Plus 6mm X 160mm DISFLEX-29077 &#8211; 42224566805<\/a><\/li><\/ul>\n&nbsp;<\/p>\n<hr>\n<p>&nbsp;<\/p>\n<h2>Principais Not\u00edcias do Setor Automotivo:<\/h2>\n<ul class=\"lcp_catlist\" id=\"lcp_instance_0\"><li><a href=\"https:\/\/truckbrasil.net\/wp\/truck\/2026\/05\/14\/cummins-transforma-potencia-do-motor-em-produtividade-no-agro\/\">Cummins transforma pot\u00eancia do motor em produtividade no agro<\/a><\/li><li><a href=\"https:\/\/truckbrasil.net\/wp\/truck\/2026\/05\/14\/excesso-de-velocidade-e-documentacao-irregular-estao-entre-as-infracoes-que-mais-custam-as-transportadoras\/\">Excesso de velocidade e documenta\u00e7\u00e3o irregular est\u00e3o entre as infra\u00e7\u00f5es que mais custam \u00e0s transportadoras<\/a><\/li><li><a href=\"https:\/\/truckbrasil.net\/wp\/truck\/2026\/05\/14\/preco-do-diesel-s10-alta-28-80-em-apenas-um-mes\/\">Pre\u00e7o do diesel S10 registrou uma escalada de 28,80%<\/a><\/li><li><a href=\"https:\/\/truckbrasil.net\/wp\/truck\/2026\/04\/10\/662177\/\">AUMOVIO \u00e9 lan\u00e7ada oficialmente no Brasil<\/a><\/li><li><a href=\"https:\/\/truckbrasil.net\/wp\/truck\/2026\/04\/07\/empresa-rio-patrocina-pilotos-da-copa-truck-na-temporada-2026\/\">Empresa RIO patrocina pilotos da Copa Truck na temporada 2026<\/a><\/li><li><a href=\"https:\/\/truckbrasil.net\/wp\/truck\/2026\/03\/27\/ford-apresenta-a-nova-van-eletrica-transit-city-na-europa\/\">Ford apresenta a nova van el\u00e9trica Transit City na Europa<\/a><\/li><li><a href=\"https:\/\/truckbrasil.net\/wp\/truck\/2026\/03\/25\/com-mais-de-320-mil-veiculos-sob-gestao-frota-162-mira-protagonismo-como-hub-de-inteligencia-para-transportadoras-e-frotistas\/\">Com mais de 320 mil ve\u00edculos sob gest\u00e3o, Frota 162 mira protagonismo como hub de intelig\u00eancia para transportadoras e frotistas<\/a><\/li><\/ul><ul class='lcp_paginator'><li class='lcp_currentpage'>1<\/li><li><a href='https:\/\/truckbrasil.net\/wp\/wp-json\/wp\/v2\/pages\/42878?lcp_page0=2#lcp_instance_0' title='2'>2<\/a><\/li><li><a href='https:\/\/truckbrasil.net\/wp\/wp-json\/wp\/v2\/pages\/42878?lcp_page0=3#lcp_instance_0' title='3'>3<\/a><\/li><li><a href='https:\/\/truckbrasil.net\/wp\/wp-json\/wp\/v2\/pages\/42878?lcp_page0=4#lcp_instance_0' title='4'>4<\/a><\/li><li><a href='https:\/\/truckbrasil.net\/wp\/wp-json\/wp\/v2\/pages\/42878?lcp_page0=2#lcp_instance_0' title='2' class='lcp_nextlink'>&gt;&gt;<\/a><\/li><\/ul>\n","protected":false},"excerpt":{"rendered":"<p>&nbsp; Mais Produtos Em Destaque Hoje: &nbsp; &nbsp; Principais Not\u00edcias do Setor Automotivo:<\/p>\n","protected":false},"author":1,"featured_media":660635,"parent":0,"menu_order":0,"comment_status":"closed","ping_status":"closed","template":"","meta":{"footnotes":""},"class_list":["post-42878","page","type-page","status-publish","has-post-thumbnail","hentry"],"_links":{"self":[{"href":"https:\/\/truckbrasil.net\/wp\/wp-json\/wp\/v2\/pages\/42878","targetHints":{"allow":["GET"]}}],"collection":[{"href":"https:\/\/truckbrasil.net\/wp\/wp-json\/wp\/v2\/pages"}],"about":[{"href":"https:\/\/truckbrasil.net\/wp\/wp-json\/wp\/v2\/types\/page"}],"author":[{"embeddable":true,"href":"https:\/\/truckbrasil.net\/wp\/wp-json\/wp\/v2\/users\/1"}],"replies":[{"embeddable":true,"href":"https:\/\/truckbrasil.net\/wp\/wp-json\/wp\/v2\/comments?post=42878"}],"version-history":[{"count":5,"href":"https:\/\/truckbrasil.net\/wp\/wp-json\/wp\/v2\/pages\/42878\/revisions"}],"predecessor-version":[{"id":664792,"href":"https:\/\/truckbrasil.net\/wp\/wp-json\/wp\/v2\/pages\/42878\/revisions\/664792"}],"wp:featuredmedia":[{"embeddable":true,"href":"https:\/\/truckbrasil.net\/wp\/wp-json\/wp\/v2\/media\/660635"}],"wp:attachment":[{"href":"https:\/\/truckbrasil.net\/wp\/wp-json\/wp\/v2\/media?parent=42878"}],"curies":[{"name":"wp","href":"https:\/\/api.w.org\/{rel}","templated":true}]}}